{"id":366,"date":"2021-12-01T12:48:26","date_gmt":"2021-12-01T12:48:26","guid":{"rendered":"https:\/\/davidgraneropsicologo.es\/?page_id=366"},"modified":"2022-01-03T16:06:40","modified_gmt":"2022-01-03T16:06:40","slug":"faq","status":"publish","type":"page","link":"https:\/\/davidgraneropsicologo.es\/index.php\/faq\/","title":{"rendered":"FAQ"},"content":{"rendered":"\t\t<div data-elementor-type=\"wp-page\" data-elementor-id=\"366\" class=\"elementor elementor-366\" data-elementor-settings=\"[]\">\n\t\t\t\t\t\t\t<div class=\"elementor-section-wrap\">\n\t\t\t\t\t\t\t<section class=\"elementor-section elementor-top-section elementor-element elementor-element-41c5b454 elementor-section-stretched elementor-section-content-middle elementor-section-boxed elementor-section-height-default elementor-section-height-default\" data-id=\"41c5b454\" data-element_type=\"section\" data-settings=\"{&quot;stretch_section&quot;:&quot;section-stretched&quot;,&quot;background_background&quot;:&quot;gradient&quot;}\">\n\t\t\t\t\t\t<div class=\"elementor-container elementor-column-gap-default\">\n\t\t\t\t\t<div class=\"elementor-column elementor-col-50 elementor-top-column elementor-element elementor-element-4b803faa\" data-id=\"4b803faa\" data-element_type=\"column\">\n\t\t\t<div class=\"elementor-widget-wrap elementor-element-populated\">\n\t\t\t\t\t\t\t\t<div class=\"elementor-element elementor-element-53ff20f elementor-widget elementor-widget-image\" data-id=\"53ff20f\" data-element_type=\"widget\" data-widget_type=\"image.default\">\n\t\t\t\t<div class=\"elementor-widget-container\">\n\t\t\t\t\t\t\t\t\t\t\t\t\t\t\t<img loading=\"lazy\" decoding=\"async\" width=\"1024\" height=\"1024\" src=\"https:\/\/davidgraneropsicologo.es\/wp-content\/uploads\/2021\/12\/5259587-1024x1024.jpg\" class=\"attachment-large size-large\" alt=\"\" srcset=\"https:\/\/davidgraneropsicologo.es\/wp-content\/uploads\/2021\/12\/5259587-1024x1024.jpg 1024w, https:\/\/davidgraneropsicologo.es\/wp-content\/uploads\/2021\/12\/5259587-300x300.jpg 300w, https:\/\/davidgraneropsicologo.es\/wp-content\/uploads\/2021\/12\/5259587-150x150.jpg 150w, https:\/\/davidgraneropsicologo.es\/wp-content\/uploads\/2021\/12\/5259587-768x768.jpg 768w, https:\/\/davidgraneropsicologo.es\/wp-content\/uploads\/2021\/12\/5259587-1536x1536.jpg 1536w, https:\/\/davidgraneropsicologo.es\/wp-content\/uploads\/2021\/12\/5259587-250x250.jpg 250w, https:\/\/davidgraneropsicologo.es\/wp-content\/uploads\/2021\/12\/5259587.jpg 2000w\" sizes=\"auto, (max-width: 1024px) 100vw, 1024px\" \/>\t\t\t\t\t\t\t\t\t\t\t\t\t\t\t<\/div>\n\t\t\t\t<\/div>\n\t\t\t\t\t<\/div>\n\t\t<\/div>\n\t\t\t\t<div class=\"elementor-column elementor-col-50 elementor-top-column elementor-element elementor-element-362051b4\" data-id=\"362051b4\" data-element_type=\"column\">\n\t\t\t<div class=\"elementor-widget-wrap elementor-element-populated\">\n\t\t\t\t\t\t\t\t<div class=\"elementor-element elementor-element-25a0263 elementor-invisible elementor-widget elementor-widget-heading\" data-id=\"25a0263\" data-element_type=\"widget\" data-settings=\"{&quot;_animation&quot;:&quot;fadeInUp&quot;}\" data-widget_type=\"heading.default\">\n\t\t\t\t<div class=\"elementor-widget-container\">\n\t\t\t<h2 class=\"elementor-heading-title elementor-size-default\">Frequently Asked <strong> Questions<\/strong><\/h2>\t\t<\/div>\n\t\t\t\t<\/div>\n\t\t\t\t<div class=\"elementor-element elementor-element-9fc6bc7 elementor-invisible elementor-widget elementor-widget-heading\" data-id=\"9fc6bc7\" data-element_type=\"widget\" data-settings=\"{&quot;_animation&quot;:&quot;fadeInUp&quot;}\" data-widget_type=\"heading.default\">\n\t\t\t\t<div class=\"elementor-widget-container\">\n\t\t\t<h2 class=\"elementor-heading-title elementor-size-default\"><strong>Preguntas <\/strong>Frecuentes<br><\/h2>\t\t<\/div>\n\t\t\t\t<\/div>\n\t\t\t\t<div class=\"elementor-element elementor-element-2c350c2f elementor-widget elementor-widget-accordion\" data-id=\"2c350c2f\" data-element_type=\"widget\" data-widget_type=\"accordion.default\">\n\t\t\t\t<div class=\"elementor-widget-container\">\n\t\t\t\t\t<div class=\"elementor-accordion\" role=\"tablist\">\n\t\t\t\t\t\t\t<div class=\"elementor-accordion-item\">\n\t\t\t\t\t<div id=\"elementor-tab-title-7411\" class=\"elementor-tab-title\" data-tab=\"1\" role=\"tab\" aria-controls=\"elementor-tab-content-7411\" aria-expanded=\"false\">\n\t\t\t\t\t\t\t\t\t\t\t\t\t<span class=\"elementor-accordion-icon elementor-accordion-icon-right\" aria-hidden=\"true\">\n\t\t\t\t\t\t\t\t\t\t\t\t\t\t\t<span class=\"elementor-accordion-icon-closed\"><i class=\"fas fa-plus\"><\/i><\/span>\n\t\t\t\t\t\t\t\t<span class=\"elementor-accordion-icon-opened\"><i class=\"fas fa-minus\"><\/i><\/span>\n\t\t\t\t\t\t\t\t\t\t\t\t\t\t<\/span>\n\t\t\t\t\t\t\t\t\t\t\t\t<a class=\"elementor-accordion-title\" href=\"\">\u00bfMe aseguras curarme?<\/a>\n\t\t\t\t\t<\/div>\n\t\t\t\t\t<div id=\"elementor-tab-content-7411\" class=\"elementor-tab-content elementor-clearfix\" data-tab=\"1\" role=\"tabpanel\" aria-labelledby=\"elementor-tab-title-7411\"><p>M\u00e1s que una \u00abcuraci\u00f3n\u00bb, lo que se busca con la terapia es una mejor\u00eda respecto a una situaci\u00f3n y en cuanto a tu estado de \u00e1nimo. Esta mejor\u00eda depender\u00e1 tanto del buen hacer del profesional como de tu implicaci\u00f3n, motivaci\u00f3n y trabajo. Por lo tanto, no podr\u00e9 asegurarte una mejor\u00eda, pero s\u00ed puedo asegurarte mi implicaci\u00f3n y profesionalidad para que ello suceda. Con nuestro trabajo conjunto las posibilidades de que mejores aumentan.<\/p><\/div>\n\t\t\t\t<\/div>\n\t\t\t\t\t\t\t<div class=\"elementor-accordion-item\">\n\t\t\t\t\t<div id=\"elementor-tab-title-7412\" class=\"elementor-tab-title\" data-tab=\"2\" role=\"tab\" aria-controls=\"elementor-tab-content-7412\" aria-expanded=\"false\">\n\t\t\t\t\t\t\t\t\t\t\t\t\t<span class=\"elementor-accordion-icon elementor-accordion-icon-right\" aria-hidden=\"true\">\n\t\t\t\t\t\t\t\t\t\t\t\t\t\t\t<span class=\"elementor-accordion-icon-closed\"><i class=\"fas fa-plus\"><\/i><\/span>\n\t\t\t\t\t\t\t\t<span class=\"elementor-accordion-icon-opened\"><i class=\"fas fa-minus\"><\/i><\/span>\n\t\t\t\t\t\t\t\t\t\t\t\t\t\t<\/span>\n\t\t\t\t\t\t\t\t\t\t\t\t<a class=\"elementor-accordion-title\" href=\"\">\u00bfCu\u00e1nto durar\u00e1 la terapia?<\/a>\n\t\t\t\t\t<\/div>\n\t\t\t\t\t<div id=\"elementor-tab-content-7412\" class=\"elementor-tab-content elementor-clearfix\" data-tab=\"2\" role=\"tabpanel\" aria-labelledby=\"elementor-tab-title-7412\"><p>No existe una respuesta concreta para esta pregunta. Depender\u00e1 de varias cosas: la naturaleza de la dificultad que presentes, el buen hacer del profesional, as\u00ed como tu implicaci\u00f3n, trabajo, esfuerzo y motivaci\u00f3n. Mi forma de trabajar es intentar que retomes la responsabilidad de tu situaci\u00f3n cuanto antes y no pases a depender de la terapia, sino de ti mismo\/a y tus propias capacidades.<\/p><\/div>\n\t\t\t\t<\/div>\n\t\t\t\t\t\t\t<div class=\"elementor-accordion-item\">\n\t\t\t\t\t<div id=\"elementor-tab-title-7413\" class=\"elementor-tab-title\" data-tab=\"3\" role=\"tab\" aria-controls=\"elementor-tab-content-7413\" aria-expanded=\"false\">\n\t\t\t\t\t\t\t\t\t\t\t\t\t<span class=\"elementor-accordion-icon elementor-accordion-icon-right\" aria-hidden=\"true\">\n\t\t\t\t\t\t\t\t\t\t\t\t\t\t\t<span class=\"elementor-accordion-icon-closed\"><i class=\"fas fa-plus\"><\/i><\/span>\n\t\t\t\t\t\t\t\t<span class=\"elementor-accordion-icon-opened\"><i class=\"fas fa-minus\"><\/i><\/span>\n\t\t\t\t\t\t\t\t\t\t\t\t\t\t<\/span>\n\t\t\t\t\t\t\t\t\t\t\t\t<a class=\"elementor-accordion-title\" href=\"\">\u00bfHe de acudir en compa\u00f1\u00eda de alguien necesariamente?<\/a>\n\t\t\t\t\t<\/div>\n\t\t\t\t\t<div id=\"elementor-tab-content-7413\" class=\"elementor-tab-content elementor-clearfix\" data-tab=\"3\" role=\"tabpanel\" aria-labelledby=\"elementor-tab-title-7413\"><p>No es necesario acudir en compa\u00f1\u00eda de alguna otra persona, ni a la primera sesi\u00f3n ni a las siguientes. Sugiero que as\u00ed sea, ya que me gusta conocer diferentes puntos de vista sobre la situaci\u00f3n que te est\u00e9 generando malestar. Adem\u00e1s, est\u00e1 demostrado que implicar a personas del entorno familiar\/social suele ser beneficioso para el proceso terap\u00e9utico. Pero en el caso de que quieras acudir solo\/a a todas las sesiones, puedes hacerlo sin problema.<\/p><\/div>\n\t\t\t\t<\/div>\n\t\t\t\t\t\t\t\t<\/div>\n\t\t\t\t<\/div>\n\t\t\t\t<\/div>\n\t\t\t\t\t<\/div>\n\t\t<\/div>\n\t\t\t\t\t\t\t<\/div>\n\t\t<\/section>\n\t\t\t\t\t\t<\/div>\n\t\t\t\t\t<\/div>\n\t\t","protected":false},"excerpt":{"rendered":"<p>Frequently Asked Questions Preguntas Frecuentes \u00bfMe aseguras curarme? M\u00e1s que una \u00abcuraci\u00f3n\u00bb, lo que se busca con la terapia es una mejor\u00eda respecto a una situaci\u00f3n y en cuanto a tu estado de \u00e1nimo. Esta mejor\u00eda depender\u00e1 tanto del buen hacer del profesional como de tu implicaci\u00f3n, motivaci\u00f3n y trabajo. Por lo tanto, no podr\u00e9 &hellip;<\/p>\n<p class=\"read-more\"> <a class=\"\" href=\"https:\/\/davidgraneropsicologo.es\/index.php\/faq\/\"> <span class=\"screen-reader-text\">FAQ<\/span> Leer m\u00e1s &raquo;<\/a><\/p>\n","protected":false},"author":1,"featured_media":0,"parent":0,"menu_order":0,"comment_status":"closed","ping_status":"closed","template":"","meta":{"site-sidebar-layout":"no-sidebar","site-content-layout":"page-builder","ast-main-header-display":"","ast-hfb-above-header-display":"","ast-hfb-below-header-display":"","ast-hfb-mobile-header-display":"","site-post-title":"disabled","ast-breadcrumbs-content":"","ast-featured-img":"disabled","footer-sml-layout":"","theme-transparent-header-meta":"","adv-header-id-meta":"","stick-header-meta":"","header-above-stick-meta":"","header-main-stick-meta":"","header-below-stick-meta":"","spay_email":"","footnotes":""},"class_list":["post-366","page","type-page","status-publish","hentry"],"yoast_head":"<!-- This site is optimized with the Yoast SEO Premium plugin v15.6.2 - https:\/\/yoast.com\/wordpress\/plugins\/seo\/ -->\n<title>FAQ - davidgraneropsicologo<\/title>\n<meta name=\"robots\" content=\"index, follow, max-snippet:-1, max-image-preview:large, max-video-preview:-1\" \/>\n<link rel=\"canonical\" href=\"https:\/\/davidgraneropsicologo.es\/index.php\/faq\/\" \/>\n<meta property=\"og:locale\" content=\"es_ES\" \/>\n<meta property=\"og:type\" content=\"article\" \/>\n<meta property=\"og:title\" content=\"FAQ - davidgraneropsicologo\" \/>\n<meta property=\"og:description\" content=\"Frequently Asked Questions Preguntas Frecuentes \u00bfMe aseguras curarme? M\u00e1s que una \u00abcuraci\u00f3n\u00bb, lo que se busca con la terapia es una mejor\u00eda respecto a una situaci\u00f3n y en cuanto a tu estado de \u00e1nimo. Esta mejor\u00eda depender\u00e1 tanto del buen hacer del profesional como de tu implicaci\u00f3n, motivaci\u00f3n y trabajo. Por lo tanto, no podr\u00e9 &hellip; FAQ Leer m\u00e1s &raquo;\" \/>\n<meta property=\"og:url\" content=\"https:\/\/davidgraneropsicologo.es\/index.php\/faq\/\" \/>\n<meta property=\"og:site_name\" content=\"davidgraneropsicologo\" \/>\n<meta property=\"article:modified_time\" content=\"2022-01-03T16:06:40+00:00\" \/>\n<meta property=\"og:image\" content=\"https:\/\/davidgraneropsicologo.es\/wp-content\/uploads\/2021\/12\/5259587-1024x1024.jpg\" \/>\n<meta name=\"twitter:card\" content=\"summary_large_image\" \/>\n<meta name=\"twitter:label1\" content=\"Tiempo de lectura\">\n\t<meta name=\"twitter:data1\" content=\"2 minutos\">\n<script type=\"application\/ld+json\" class=\"yoast-schema-graph\">{\"@context\":\"https:\/\/schema.org\",\"@graph\":[{\"@type\":\"WebSite\",\"@id\":\"https:\/\/davidgraneropsicologo.es\/#website\",\"url\":\"https:\/\/davidgraneropsicologo.es\/\",\"name\":\"davidgraneropsicologo\",\"description\":\"David Granero Psic\\u00f3logo\",\"potentialAction\":[{\"@type\":\"SearchAction\",\"target\":\"https:\/\/davidgraneropsicologo.es\/?s={search_term_string}\",\"query-input\":\"required name=search_term_string\"}],\"inLanguage\":\"es\"},{\"@type\":\"ImageObject\",\"@id\":\"https:\/\/davidgraneropsicologo.es\/index.php\/faq\/#primaryimage\",\"inLanguage\":\"es\",\"url\":\"https:\/\/davidgraneropsicologo.es\/wp-content\/uploads\/2021\/12\/5259587.jpg\",\"width\":2000,\"height\":2000},{\"@type\":\"WebPage\",\"@id\":\"https:\/\/davidgraneropsicologo.es\/index.php\/faq\/#webpage\",\"url\":\"https:\/\/davidgraneropsicologo.es\/index.php\/faq\/\",\"name\":\"FAQ - davidgraneropsicologo\",\"isPartOf\":{\"@id\":\"https:\/\/davidgraneropsicologo.es\/#website\"},\"primaryImageOfPage\":{\"@id\":\"https:\/\/davidgraneropsicologo.es\/index.php\/faq\/#primaryimage\"},\"datePublished\":\"2021-12-01T12:48:26+00:00\",\"dateModified\":\"2022-01-03T16:06:40+00:00\",\"breadcrumb\":{\"@id\":\"https:\/\/davidgraneropsicologo.es\/index.php\/faq\/#breadcrumb\"},\"inLanguage\":\"es\",\"potentialAction\":[{\"@type\":\"ReadAction\",\"target\":[\"https:\/\/davidgraneropsicologo.es\/index.php\/faq\/\"]}]},{\"@type\":\"BreadcrumbList\",\"@id\":\"https:\/\/davidgraneropsicologo.es\/index.php\/faq\/#breadcrumb\",\"itemListElement\":[{\"@type\":\"ListItem\",\"position\":1,\"item\":{\"@type\":\"WebPage\",\"@id\":\"https:\/\/davidgraneropsicologo.es\/\",\"url\":\"https:\/\/davidgraneropsicologo.es\/\",\"name\":\"Portada\"}},{\"@type\":\"ListItem\",\"position\":2,\"item\":{\"@type\":\"WebPage\",\"@id\":\"https:\/\/davidgraneropsicologo.es\/index.php\/faq\/\",\"url\":\"https:\/\/davidgraneropsicologo.es\/index.php\/faq\/\",\"name\":\"FAQ\"}}]}]}<\/script>\n<!-- \/ Yoast SEO Premium plugin. -->","_links":{"self":[{"href":"https:\/\/davidgraneropsicologo.es\/index.php\/wp-json\/wp\/v2\/pages\/366","targetHints":{"allow":["GET"]}}],"collection":[{"href":"https:\/\/davidgraneropsicologo.es\/index.php\/wp-json\/wp\/v2\/pages"}],"about":[{"href":"https:\/\/davidgraneropsicologo.es\/index.php\/wp-json\/wp\/v2\/types\/page"}],"author":[{"embeddable":true,"href":"https:\/\/davidgraneropsicologo.es\/index.php\/wp-json\/wp\/v2\/users\/1"}],"replies":[{"embeddable":true,"href":"https:\/\/davidgraneropsicologo.es\/index.php\/wp-json\/wp\/v2\/comments?post=366"}],"version-history":[{"count":31,"href":"https:\/\/davidgraneropsicologo.es\/index.php\/wp-json\/wp\/v2\/pages\/366\/revisions"}],"predecessor-version":[{"id":814,"href":"https:\/\/davidgraneropsicologo.es\/index.php\/wp-json\/wp\/v2\/pages\/366\/revisions\/814"}],"wp:attachment":[{"href":"https:\/\/davidgraneropsicologo.es\/index.php\/wp-json\/wp\/v2\/media?parent=366"}],"curies":[{"name":"wp","href":"https:\/\/api.w.org\/{rel}","templated":true}]}}