{"id":523,"date":"2021-12-03T11:58:59","date_gmt":"2021-12-03T11:58:59","guid":{"rendered":"https:\/\/davidgraneropsicologo.es\/?page_id=523"},"modified":"2021-12-09T11:07:24","modified_gmt":"2021-12-09T11:07:24","slug":"politica-de-cookies","status":"publish","type":"page","link":"https:\/\/davidgraneropsicologo.es\/index.php\/politica-de-cookies\/","title":{"rendered":"Pol\u00edtica de cookies"},"content":{"rendered":"\t\t<div data-elementor-type=\"wp-page\" data-elementor-id=\"523\" class=\"elementor elementor-523\" data-elementor-settings=\"[]\">\n\t\t\t\t\t\t\t<div class=\"elementor-section-wrap\">\n\t\t\t\t\t\t\t<section class=\"elementor-section elementor-top-section elementor-element elementor-element-1fbc59f elementor-section-boxed elementor-section-height-default elementor-section-height-default\" data-id=\"1fbc59f\" data-element_type=\"section\">\n\t\t\t\t\t\t<div class=\"elementor-container elementor-column-gap-default\">\n\t\t\t\t\t<div class=\"elementor-column elementor-col-100 elementor-top-column elementor-element elementor-element-bd6ba7e\" data-id=\"bd6ba7e\" data-element_type=\"column\">\n\t\t\t<div class=\"elementor-widget-wrap elementor-element-populated\">\n\t\t\t\t\t\t\t\t<div class=\"elementor-element elementor-element-6934b59 elementor-widget elementor-widget-text-editor\" data-id=\"6934b59\" data-element_type=\"widget\" data-widget_type=\"text-editor.default\">\n\t\t\t\t<div class=\"elementor-widget-container\">\n\t\t\t\t\t\t\t<section data-id=\"48ef014\" data-element_type=\"section\" style=\"color: rgb(79, 77, 77); font-family: futura-medium; font-size: 16px;\">\n<div>\n<div style=\"width: 1140px;\">\n<div data-id=\"2f2f870\" data-element_type=\"column\" style=\"width: 1140px;\">\n<div style=\"width: 1140px; padding: 10px;\">\n<div style=\"width: 1120px;\">\n<div data-id=\"f4ce974\" data-element_type=\"widget\" data-settings=\"{&quot;_animation&quot;:&quot;zoomIn&quot;}\" data-widget_type=\"text-editor.default\" style=\"color: rgb(113, 164, 190); font-family: futura-medium, sans-serif; font-weight: var( --e-global-typography-text-font-weight ); width: 1120px; text-align: center; font-size: 37px;\">\n<div>\n<div>\n<p style=\"margin-bottom: 0.9rem; font-family: futura-medium !important;\">Pol\u00edtica de Cookies<\/p>\n<\/div>\n<\/div>\n<\/div>\n<\/div>\n<\/div>\n<\/div>\n<\/div>\n<\/div>\n<\/section>\n<section data-id=\"b37a9ce\" data-element_type=\"section\" style=\"color: rgb(79, 77, 77); font-family: futura-medium; font-size: 16px;\">\n<div>\n<div style=\"width: 1140px;\">\n<div data-id=\"a77e787\" data-element_type=\"column\" style=\"width: 1140px;\">\n<div style=\"width: 1140px; padding: 10px;\">\n<div style=\"width: 1120px;\">\n<div data-id=\"8433226\" data-element_type=\"widget\" data-widget_type=\"text-editor.default\" style=\"font-family: futura-medium, sans-serif; font-weight: var( --e-global-typography-text-font-weight ); width: 1120px; font-size: 17px;\">\n<div>\n<div>\n<p style=\"margin-bottom: 0.9rem; text-align: justify; font-family: futura-medium !important;\">En cumplimiento con lo dispuesto en el art\u00edculo 22.2 de la Ley 34\/2002, de 11 de julio, de Servicios de la Sociedad de la Informaci\u00f3n y de Comercio Electr\u00f3nico, el Titular te informa que este sitio Web utiliza cookies, as\u00ed como sobre su pol\u00edtica de recogida y el tratamiento que hace de las mismas.<\/p>\n<h2 style=\"font-family: inherit; margin-top: 0.5rem; margin-bottom: 1rem; font-weight: 500; line-height: 1.2; text-align: justify;\">Qu\u00e9 son las cookies<\/h2>\n<p style=\"margin-bottom: 0.9rem; text-align: justify; font-family: futura-medium !important;\">Una cookie es un fichero que se descarga en tu ordenador al entrar a determinadas p\u00e1ginas web. Las cookies permiten a una p\u00e1gina web, entre otras cosas, almacenar y recuperar informaci\u00f3n sobre tus h\u00e1bitos de navegaci\u00f3n y \u2014dependiendo de la informaci\u00f3n que contengan y de la forma en que utilices tu equipo\u2014 pueden utilizarse para identificarte.<\/p>\n<h2 style=\"font-family: inherit; margin-top: 0.5rem; margin-bottom: 1rem; font-weight: 500; line-height: 1.2; text-align: justify;\">Tipos de cookies utilizadas<\/h2>\n<p style=\"margin-bottom: 0.9rem; text-align: justify; font-family: futura-medium !important;\">El sitio Web&nbsp;<a href=\"https:\/\/davidgraneropsicologo.es\/\" target=\"_blank\">https:\/\/davidgraneropsicologo.es\/<\/a>&nbsp;utiliza los siguientes tipos de cookies:<\/p>\n<ul style=\"margin-bottom: 0px; font-size: 17px; background: transparent; text-align: justify;\">\n<li style=\"font-size: 17px; background: transparent; font-family: futura-medium !important;\"><span style=\"font-weight: bolder;\">Cookies t\u00e9cnicas:<\/span>&nbsp;Son aquellas tratadas por el sitio Web que permiten a los usuarios registrados navegar a trav\u00e9s del \u00e1rea restringida y a utilizar sus diferentes funciones, como por ejemplo, llevar a cabo el proceso de compra de un Producto o Servicio.<br>Algunas cookies son esenciales para el funcionamiento del sitio Web, por ejemplo, el sistema de comentarios o el buscador.<\/li>\n<li style=\"font-size: 17px; background: transparent; font-family: futura-medium !important;\"><span style=\"font-weight: bolder;\">Cookies de personalizaci\u00f3n:<\/span>&nbsp;Son aquellas que permiten a los usuarios acceder al Servicio con algunas caracter\u00edsticas de car\u00e1cter general predefinidas en funci\u00f3n de una serie de criterios establecidos por el usuario como, por ejemplo, el idioma o el tipo de navegador a trav\u00e9s del cual se conecta a este sitio Web.<\/li>\n<\/ul>\n<p style=\"margin-bottom: 0.9rem; text-align: justify; font-family: futura-medium !important;\">El siguiente listado recoge el nombre de las cookies que utiliza el sitio Web:<\/p>\n<ul style=\"margin-bottom: 0px; font-size: 17px; background: transparent; text-align: justify;\">\n<li style=\"font-size: 17px; background: transparent; font-family: futura-medium !important;\">wordpress_test_cookie<\/li>\n<li style=\"font-size: 17px; background: transparent; font-family: futura-medium !important;\">wp-settings-*<\/li>\n<\/ul>\n<h2 style=\"font-family: inherit; margin-top: 0.5rem; margin-bottom: 1rem; font-weight: 500; line-height: 1.2; text-align: justify;\">Desactivar las cookies<\/h2>\n<p style=\"margin-bottom: 0.9rem; text-align: justify; font-family: futura-medium !important;\">Puedes aceptar, bloquear o eliminar las cookies instaladas en tu equipo mediante la configuraci\u00f3n de las opciones del navegador.<\/p>\n<p style=\"margin-bottom: 0.9rem; text-align: justify; font-family: futura-medium !important;\">En los siguientes enlaces encontrar\u00e1s instrucciones para habilitar o deshabilitar las cookies en los navegadores m\u00e1s comunes.<\/p>\n<ul style=\"margin-bottom: 0px; font-size: 17px; background: transparent; text-align: justify;\">\n<li style=\"font-size: 17px; background: transparent; font-family: futura-medium !important;\"><span style=\"font-weight: bolder;\">Firefox<\/span>&nbsp;<a href=\"http:\/\/support.mozilla.org\/es\/kb\/habilitar-y-deshabilitar-cookies-que-los-sitios-we\" style=\"text-decoration-line: none; color: rgb(79, 77, 77);\">http:\/\/support.mozilla.org\/es\/kb\/habilitar-y-deshabilitar-cookies-que-los-sitios-we<\/a><\/li>\n<li style=\"font-size: 17px; background: transparent; font-family: futura-medium !important;\"><span style=\"font-weight: bolder;\">Safari<\/span>&nbsp;<a href=\"http:\/\/support.apple.com\/kb\/HT1677?viewlocale=es_ES\" style=\"text-decoration-line: none; color: rgb(79, 77, 77);\">http:\/\/support.apple.com\/kb\/HT1677?viewlocale=es_ES<\/a><\/li>\n<li style=\"font-size: 17px; background: transparent; font-family: futura-medium !important;\"><span style=\"font-weight: bolder;\">Google Chrome<\/span>&nbsp;<a href=\"https:\/\/support.google.com\/chrome\/answer\/95647?hl=es\" style=\"text-decoration-line: none; color: rgb(79, 77, 77);\">https:\/\/support.google.com\/chrome\/answer\/95647?hl=es<\/a><\/li>\n<\/ul>\n<h2 style=\"font-family: inherit; margin-top: 0.5rem; margin-bottom: 1rem; font-weight: 500; line-height: 1.2; text-align: justify;\">Cookies de terceros<\/h2>\n<p style=\"margin-bottom: 0.9rem; text-align: justify; font-family: futura-medium !important;\">El sitio Web incluye otras funcionalidades proporcionadas por las redes sociales y que pueden instalar cookies. Puedes compartir el contenido en tus redes sociales como Facebook, Twitter, Google +, Instagram o YouTube con los botones incluidos a tal efecto o con las herramientas para compartir propias de las redes sociales.<\/p>\n<h2 style=\"font-family: inherit; margin-top: 0.5rem; margin-bottom: 1rem; font-weight: 500; line-height: 1.2; text-align: justify;\">Advertencia sobre eliminar cookies<\/h2>\n<p style=\"margin-bottom: 0.9rem; text-align: justify; font-family: futura-medium !important;\">Puedes eliminar y bloquear las cookies de este sitio Web, pero parte del sitio no funcionar\u00e1 correctamente o su calidad puede verse afectada.<\/p>\n<h2 style=\"font-family: inherit; margin-top: 0.5rem; margin-bottom: 1rem; font-weight: 500; line-height: 1.2; text-align: justify;\">Contacto<\/h2>\n<p style=\"margin-bottom: 0.9rem; text-align: justify; font-family: futura-medium !important;\">En caso de que tengas cualquier duda acerca de esta Pol\u00edtica de Cookies o quieras realizar cualquier comentario sobre este sitio Web, puedes enviar un mensaje de correo electr\u00f3nico a la direcci\u00f3n&nbsp;<a href=\"mailto:contacto@mariasainzpsicologia.es\" style=\"text-decoration-line: none; color: rgb(79, 77, 77);\">d<\/a>avidgranerosanchez@hotmail.com<\/p>\n<\/div>\n<\/div>\n<\/div>\n<\/div>\n<\/div>\n<\/div>\n<\/div>\n<\/div>\n<\/section>\t\t\t\t\t\t<\/div>\n\t\t\t\t<\/div>\n\t\t\t\t\t<\/div>\n\t\t<\/div>\n\t\t\t\t\t\t\t<\/div>\n\t\t<\/section>\n\t\t\t\t\t\t<\/div>\n\t\t\t\t\t<\/div>\n\t\t","protected":false},"excerpt":{"rendered":"<p>Pol\u00edtica de Cookies En cumplimiento con lo dispuesto en el art\u00edculo 22.2 de la Ley 34\/2002, de 11 de julio, de Servicios de la Sociedad de la Informaci\u00f3n y de Comercio Electr\u00f3nico, el Titular te informa que este sitio Web utiliza cookies, as\u00ed como sobre su pol\u00edtica de recogida y el tratamiento que hace de &hellip;<\/p>\n<p class=\"read-more\"> <a class=\"\" href=\"https:\/\/davidgraneropsicologo.es\/index.php\/politica-de-cookies\/\"> <span class=\"screen-reader-text\">Pol\u00edtica de cookies<\/span> Leer m\u00e1s &raquo;<\/a><\/p>\n","protected":false},"author":1,"featured_media":0,"parent":0,"menu_order":0,"comment_status":"closed","ping_status":"closed","template":"","meta":{"site-sidebar-layout":"no-sidebar","site-content-layout":"page-builder","ast-main-header-display":"","ast-hfb-above-header-display":"","ast-hfb-below-header-display":"","ast-hfb-mobile-header-display":"","site-post-title":"disabled","ast-breadcrumbs-content":"","ast-featured-img":"disabled","footer-sml-layout":"","theme-transparent-header-meta":"","adv-header-id-meta":"","stick-header-meta":"","header-above-stick-meta":"","header-main-stick-meta":"","header-below-stick-meta":"","spay_email":"","footnotes":""},"class_list":["post-523","page","type-page","status-publish","hentry"],"yoast_head":"<!-- This site is optimized with the Yoast SEO Premium plugin v15.6.2 - https:\/\/yoast.com\/wordpress\/plugins\/seo\/ -->\n<title>Pol\u00edtica de cookies - davidgraneropsicologo<\/title>\n<meta name=\"robots\" content=\"index, follow, max-snippet:-1, max-image-preview:large, max-video-preview:-1\" \/>\n<link rel=\"canonical\" href=\"https:\/\/davidgraneropsicologo.es\/index.php\/politica-de-cookies\/\" \/>\n<meta property=\"og:locale\" content=\"es_ES\" \/>\n<meta property=\"og:type\" content=\"article\" \/>\n<meta property=\"og:title\" content=\"Pol\u00edtica de cookies - davidgraneropsicologo\" \/>\n<meta property=\"og:description\" content=\"Pol\u00edtica de Cookies En cumplimiento con lo dispuesto en el art\u00edculo 22.2 de la Ley 34\/2002, de 11 de julio, de Servicios de la Sociedad de la Informaci\u00f3n y de Comercio Electr\u00f3nico, el Titular te informa que este sitio Web utiliza cookies, as\u00ed como sobre su pol\u00edtica de recogida y el tratamiento que hace de &hellip; Pol\u00edtica de cookies Leer m\u00e1s &raquo;\" \/>\n<meta property=\"og:url\" content=\"https:\/\/davidgraneropsicologo.es\/index.php\/politica-de-cookies\/\" \/>\n<meta property=\"og:site_name\" content=\"davidgraneropsicologo\" \/>\n<meta property=\"article:modified_time\" content=\"2021-12-09T11:07:24+00:00\" \/>\n<meta name=\"twitter:card\" content=\"summary_large_image\" \/>\n<meta name=\"twitter:label1\" content=\"Tiempo de lectura\">\n\t<meta name=\"twitter:data1\" content=\"2 minutos\">\n<script type=\"application\/ld+json\" class=\"yoast-schema-graph\">{\"@context\":\"https:\/\/schema.org\",\"@graph\":[{\"@type\":\"WebSite\",\"@id\":\"https:\/\/davidgraneropsicologo.es\/#website\",\"url\":\"https:\/\/davidgraneropsicologo.es\/\",\"name\":\"davidgraneropsicologo\",\"description\":\"David Granero Psic\\u00f3logo\",\"potentialAction\":[{\"@type\":\"SearchAction\",\"target\":\"https:\/\/davidgraneropsicologo.es\/?s={search_term_string}\",\"query-input\":\"required name=search_term_string\"}],\"inLanguage\":\"es\"},{\"@type\":\"WebPage\",\"@id\":\"https:\/\/davidgraneropsicologo.es\/index.php\/politica-de-cookies\/#webpage\",\"url\":\"https:\/\/davidgraneropsicologo.es\/index.php\/politica-de-cookies\/\",\"name\":\"Pol\\u00edtica de cookies - davidgraneropsicologo\",\"isPartOf\":{\"@id\":\"https:\/\/davidgraneropsicologo.es\/#website\"},\"datePublished\":\"2021-12-03T11:58:59+00:00\",\"dateModified\":\"2021-12-09T11:07:24+00:00\",\"breadcrumb\":{\"@id\":\"https:\/\/davidgraneropsicologo.es\/index.php\/politica-de-cookies\/#breadcrumb\"},\"inLanguage\":\"es\",\"potentialAction\":[{\"@type\":\"ReadAction\",\"target\":[\"https:\/\/davidgraneropsicologo.es\/index.php\/politica-de-cookies\/\"]}]},{\"@type\":\"BreadcrumbList\",\"@id\":\"https:\/\/davidgraneropsicologo.es\/index.php\/politica-de-cookies\/#breadcrumb\",\"itemListElement\":[{\"@type\":\"ListItem\",\"position\":1,\"item\":{\"@type\":\"WebPage\",\"@id\":\"https:\/\/davidgraneropsicologo.es\/\",\"url\":\"https:\/\/davidgraneropsicologo.es\/\",\"name\":\"Portada\"}},{\"@type\":\"ListItem\",\"position\":2,\"item\":{\"@type\":\"WebPage\",\"@id\":\"https:\/\/davidgraneropsicologo.es\/index.php\/politica-de-cookies\/\",\"url\":\"https:\/\/davidgraneropsicologo.es\/index.php\/politica-de-cookies\/\",\"name\":\"Pol\\u00edtica de cookies\"}}]}]}<\/script>\n<!-- \/ Yoast SEO Premium plugin. -->","_links":{"self":[{"href":"https:\/\/davidgraneropsicologo.es\/index.php\/wp-json\/wp\/v2\/pages\/523","targetHints":{"allow":["GET"]}}],"collection":[{"href":"https:\/\/davidgraneropsicologo.es\/index.php\/wp-json\/wp\/v2\/pages"}],"about":[{"href":"https:\/\/davidgraneropsicologo.es\/index.php\/wp-json\/wp\/v2\/types\/page"}],"author":[{"embeddable":true,"href":"https:\/\/davidgraneropsicologo.es\/index.php\/wp-json\/wp\/v2\/users\/1"}],"replies":[{"embeddable":true,"href":"https:\/\/davidgraneropsicologo.es\/index.php\/wp-json\/wp\/v2\/comments?post=523"}],"version-history":[{"count":7,"href":"https:\/\/davidgraneropsicologo.es\/index.php\/wp-json\/wp\/v2\/pages\/523\/revisions"}],"predecessor-version":[{"id":589,"href":"https:\/\/davidgraneropsicologo.es\/index.php\/wp-json\/wp\/v2\/pages\/523\/revisions\/589"}],"wp:attachment":[{"href":"https:\/\/davidgraneropsicologo.es\/index.php\/wp-json\/wp\/v2\/media?parent=523"}],"curies":[{"name":"wp","href":"https:\/\/api.w.org\/{rel}","templated":true}]}}